{"id":890,"date":"2022-06-24T18:11:13","date_gmt":"2022-06-24T22:11:13","guid":{"rendered":"https:\/\/www.floridacitrus.quebec\/grapefruit\/?page_id=890"},"modified":"2024-07-10T12:59:56","modified_gmt":"2024-07-10T16:59:56","slug":"a-propos-du-florida-department-of-citrus","status":"publish","type":"page","link":"https:\/\/www.floridacitrus.quebec\/grapefruit\/a-propos-du-florida-department-of-citrus\/","title":{"rendered":"\u00c0 propos du Florida Department of Citrus"},"content":{"rendered":"\r\n\r\n\r\n<p>Le Florida Department of Citrus (FDOC) est une agence ex\u00e9cutive du gouvernement de la Floride charg\u00e9e de la commercialisation, de la recherche et de la r\u00e9glementation de l&rsquo;industrie des agrumes de la Floride. Ses activit\u00e9s sont financ\u00e9es par une cotisation pay\u00e9e par les producteurs sur chaque bo\u00eete d&rsquo;agrumes qui passe par les circuits commerciaux. L&rsquo;industrie emploie plus de <br \/>45 000 personnes, a un impact \u00e9conomique annuel de 8,6 milliards $ pour l&rsquo;\u00c9tat et rapporte des centaines de millions de dollars en recettes fiscales qui contribuent \u00e0 soutenir les \u00e9coles, les routes et les services de sant\u00e9 de la Floride.<\/p>\r\n\r\n\r\n\r\n<p>Le FDOC a \u00e9galement des responsabilit\u00e9s r\u00e9glementaires \u00e9tendues, couvrant tous les aspects de l&rsquo;industrie, y compris la recherche, la production, les normes de maturit\u00e9, l&rsquo;octroi de licences, le transport, l&rsquo;\u00e9tiquetage, l&#8217;emballage et la transformation.<\/p>\r\n\r\n\r\n\r\n<p>Le FDOC est r\u00e9gi par la Florida Citrus Commission, un conseil de neuf membres nomm\u00e9s par le gouverneur de la Floride pour repr\u00e9senter les producteurs, les transformateurs et les emballeurs d&rsquo;agrumes.<\/p>\r\n\r\n\r\n\r\n<p>D\u00e9partements du FDOC :<\/p>\r\n\r\n\r\n\r\n<ul>\r\n<li>\u00c9tudes \u00e9conomiques et de march\u00e9\r\n\r\n<\/li>\r\n<li>Finances\r\n\r\n<\/li>\r\n<li>Marketing mondial\r\n\r\n<\/li>\r\n<li>Juridique\r\n\r\n<\/li>\r\n<li>D\u00e9partement de la recherche scientifique<\/li>\r\n<\/ul>\r\n\r\n\r\n\r\n<p>Demandez \u00e0 vous inscrire sur notre liste de diffusion et restez inform\u00e9 des derni\u00e8res nouvelles des producteurs d&rsquo;agrumes de la Floride.<\/p>\r\n\r\n\r\n\r\n<p>Abonnez-vous<\/p>\r\n","protected":false},"excerpt":{"rendered":"<p>Le Florida Department of Citrus (FDOC) est une agence ex\u00e9cutive du gouvernement de la Floride charg\u00e9e de la commercialisation, de la recherche et de la r\u00e9glementation de l&rsquo;industrie des agrumes de la Floride. Ses activit\u00e9s sont financ\u00e9es par une cotisation pay\u00e9e par les producteurs sur chaque bo\u00eete d&rsquo;agrumes qui passe par les circuits commerciaux. L&rsquo;industrie&#8230;<\/p>\n","protected":false},"author":47,"featured_media":0,"parent":0,"menu_order":0,"comment_status":"closed","ping_status":"closed","template":"","meta":{"_acf_changed":false,"om_disable_all_campaigns":false,"footnotes":""},"class_list":["post-890","page","type-page","status-publish","hentry"],"acf":[],"_links":{"self":[{"href":"https:\/\/www.floridacitrus.quebec\/grapefruit\/wp-json\/wp\/v2\/pages\/890","targetHints":{"allow":["GET"]}}],"collection":[{"href":"https:\/\/www.floridacitrus.quebec\/grapefruit\/wp-json\/wp\/v2\/pages"}],"about":[{"href":"https:\/\/www.floridacitrus.quebec\/grapefruit\/wp-json\/wp\/v2\/types\/page"}],"author":[{"embeddable":true,"href":"https:\/\/www.floridacitrus.quebec\/grapefruit\/wp-json\/wp\/v2\/users\/47"}],"replies":[{"embeddable":true,"href":"https:\/\/www.floridacitrus.quebec\/grapefruit\/wp-json\/wp\/v2\/comments?post=890"}],"version-history":[{"count":5,"href":"https:\/\/www.floridacitrus.quebec\/grapefruit\/wp-json\/wp\/v2\/pages\/890\/revisions"}],"predecessor-version":[{"id":3464,"href":"https:\/\/www.floridacitrus.quebec\/grapefruit\/wp-json\/wp\/v2\/pages\/890\/revisions\/3464"}],"wp:attachment":[{"href":"https:\/\/www.floridacitrus.quebec\/grapefruit\/wp-json\/wp\/v2\/media?parent=890"}],"curies":[{"name":"wp","href":"https:\/\/api.w.org\/{rel}","templated":true}]}}