{"id":897,"date":"2022-06-24T18:16:22","date_gmt":"2022-06-24T22:16:22","guid":{"rendered":"https:\/\/www.floridacitrus.quebec\/grapefruit\/?page_id=897"},"modified":"2024-05-23T17:17:48","modified_gmt":"2024-05-23T21:17:48","slug":"politique-de-confidentialite","status":"publish","type":"page","link":"https:\/\/www.floridacitrus.quebec\/grapefruit\/politique-de-confidentialite\/","title":{"rendered":"Politique de confidentialit\u00e9"},"content":{"rendered":"\r\n<p>Le Florida Department of Citrus (FDOC) accorde une grande importance \u00e0 la confidentialit\u00e9 et \u00e0 la s\u00e9curit\u00e9 de vos informations personnelles. Avec pr\u00e9caution, nous nous r\u00e9servons le droit de recueillir des renseignements personnels, tels que les identifiants g\u00e9ographiques et d\u00e9mographiques et l&rsquo;activit\u00e9 sur le web, au moyen de t\u00e9moins et d&rsquo;outils d&rsquo;analyse. Politique de confidentialit\u00e9 du FDOC.<\/p>\r\n\r\n\r\n\r\n<p><strong>Politique de confidentialit\u00e9<\/strong><\/p>\r\n\r\n\r\n\r\n<p>Le Florida Department of Citrus (FDOC) accorde une grande importance \u00e0 la confidentialit\u00e9 et \u00e0 la s\u00e9curit\u00e9 de vos renseignements personnels. Avec pr\u00e9caution, nous nous r\u00e9servons le droit de recueillir des renseignements personnels, tels que les identifiants g\u00e9ographiques et d\u00e9mographiques et l&rsquo;activit\u00e9 sur Internet, au moyen de t\u00e9moins et d&rsquo;outils d&rsquo;analyse. Lorsque vous visitez un site web appartenant au FDOC et g\u00e9r\u00e9 par celui-ci, le serveur web du FDOC est programm\u00e9 pour reconna\u00eetre automatiquement le domaine Internet et l&rsquo;adresse IP \u00e0 partir desquels vous acc\u00e9dez au site. Ces informations sont obtenues pour am\u00e9liorer votre exp\u00e9rience des sites web d\u00e9tenus et g\u00e9r\u00e9s par le FDOC et ne seront pas divulgu\u00e9es \u00e0 quiconque en dehors du FDOC et de ses partenaires, \u00e0 moins que la divulgation ne soit requise par les r\u00e8gles et r\u00e8glements r\u00e9gissant le FDOC ou par une ordonnance du tribunal.<\/p>\r\n\r\n\r\n\r\n<p>Aucune inscription n&rsquo;est n\u00e9cessaire pour acc\u00e9der aux sites web appartenant au FDOC. Si vous choisissez de fournir des renseignements personnels, notamment pour vous abonner \u00e0 une infolettre, envoyer un message, soumettre des informations dans le cadre d&rsquo;une enqu\u00eate ou d&rsquo;un concours en ligne, ou remplir un formulaire \u00e9lectronique, \u00e0 moins que les lois de la Floride n&rsquo;en disposent autrement, ces renseignements constituent un dossier public en vertu de la loi sur les dossiers publics du Government in the Sunshine Laws de la Floride et seront accessibles au public. Toutefois, le FDOC ne vendra pas ou ne fournira pas volontairement vos renseignements personnels \u00e0 d&rsquo;autres agences gouvernementales ou \u00e0 des entit\u00e9s ext\u00e9rieures non li\u00e9es aux programmes du FDOC, sauf si la loi l&rsquo;exige.<\/p>\r\n\r\n\r\n\r\n<p>Si vous avez des questions concernant la politique de confidentialit\u00e9 de notre site web, veuillez nous contacter au (863) 537-3999. Cette politique est susceptible d&rsquo;\u00eatre modifi\u00e9e en fonction des changements apport\u00e9s au protocole de s\u00e9curit\u00e9 d&rsquo;Internet et de l&rsquo;information et des statuts, r\u00e8gles et r\u00e8glements applicables qui r\u00e9gissent le FDOC.<\/p>\r\n","protected":false},"excerpt":{"rendered":"<p>Le Florida Department of Citrus (FDOC) accorde une grande importance \u00e0 la confidentialit\u00e9 et \u00e0 la s\u00e9curit\u00e9 de vos informations personnelles. Avec pr\u00e9caution, nous nous r\u00e9servons le droit de recueillir des renseignements personnels, tels que les identifiants g\u00e9ographiques et d\u00e9mographiques et l&rsquo;activit\u00e9 sur le web, au moyen de t\u00e9moins et d&rsquo;outils d&rsquo;analyse. Politique de confidentialit\u00e9&#8230;<\/p>\n","protected":false},"author":47,"featured_media":0,"parent":0,"menu_order":0,"comment_status":"closed","ping_status":"closed","template":"","meta":{"_acf_changed":false,"om_disable_all_campaigns":false,"footnotes":""},"class_list":["post-897","page","type-page","status-publish","hentry"],"acf":[],"_links":{"self":[{"href":"https:\/\/www.floridacitrus.quebec\/grapefruit\/wp-json\/wp\/v2\/pages\/897","targetHints":{"allow":["GET"]}}],"collection":[{"href":"https:\/\/www.floridacitrus.quebec\/grapefruit\/wp-json\/wp\/v2\/pages"}],"about":[{"href":"https:\/\/www.floridacitrus.quebec\/grapefruit\/wp-json\/wp\/v2\/types\/page"}],"author":[{"embeddable":true,"href":"https:\/\/www.floridacitrus.quebec\/grapefruit\/wp-json\/wp\/v2\/users\/47"}],"replies":[{"embeddable":true,"href":"https:\/\/www.floridacitrus.quebec\/grapefruit\/wp-json\/wp\/v2\/comments?post=897"}],"version-history":[{"count":3,"href":"https:\/\/www.floridacitrus.quebec\/grapefruit\/wp-json\/wp\/v2\/pages\/897\/revisions"}],"predecessor-version":[{"id":2127,"href":"https:\/\/www.floridacitrus.quebec\/grapefruit\/wp-json\/wp\/v2\/pages\/897\/revisions\/2127"}],"wp:attachment":[{"href":"https:\/\/www.floridacitrus.quebec\/grapefruit\/wp-json\/wp\/v2\/media?parent=897"}],"curies":[{"name":"wp","href":"https:\/\/api.w.org\/{rel}","templated":true}]}}