{"id":4751,"date":"2022-06-27T18:58:38","date_gmt":"2022-06-27T18:58:38","guid":{"rendered":"https:\/\/www.floridacitrus.quebec\/oj\/?page_id=4751"},"modified":"2022-06-27T18:58:41","modified_gmt":"2022-06-27T18:58:41","slug":"conditions-dutilisation-et-clause-de-non-responsabilite","status":"publish","type":"page","link":"https:\/\/www.floridacitrus.quebec\/oj\/conditions-dutilisation-et-clause-de-non-responsabilite\/","title":{"rendered":"Conditions d&rsquo;utilisation et clause de non-responsabilit\u00e9"},"content":{"rendered":"\n<p>La Florida Citrus Commission a une longue tradition d&rsquo;acc\u00e8s public aux dossiers et aux rencontres du Florida Department of Citrus, encourageant la participation de l&rsquo;industrie et la compr\u00e9hension des d\u00e9cisions ayant un impact sur l&rsquo;industrie et le public.<\/p>\n\n\n\n<p>Le Florida Department of Citrus est une agence ex\u00e9cutive du gouvernement de la Floride. L&rsquo;un des premiers actes du gouverneur a \u00e9t\u00e9 de signer un d\u00e9cret encourageant les agences de l&rsquo;\u00c9tat \u00e0 sensibiliser le public aux pratiques d&rsquo;ouverture du gouvernement de la Floride et \u00e0 rationaliser et clarifier les lois et politiques applicables tout en rendant l&rsquo;information plus facile et plus accessible.<\/p>\n\n\n\n<p>Vous pouvez en savoir plus sur l&rsquo;initiative d&rsquo;ouverture du gouvernement en visitant le Governor\u2019s Office of Open Government. Parmi les ressources disponibles, on trouve le d\u00e9cret 07-01. &amp;nbsp<\/p>\n\n\n\n<p>Conditions d&rsquo;utilisation et clause de non-responsabilit\u00e9<\/p>\n\n\n\n<p>Le Florida Department of Citrus est une agence gouvernementale publique et, \u00e0 ce titre, les donn\u00e9es originales g\u00e9n\u00e9r\u00e9es ou compil\u00e9es par le Florida Department of Citrus qui sont contenues dans ces pages web, sont du domaine public et peuvent \u00eatre utilis\u00e9es \u00e0 votre guise, sauf indication contraire.<\/p>\n\n\n\n<p>En acc\u00e9dant et en utilisant les informations, les donn\u00e9es et les mat\u00e9riaux contenus dans les pages web du Florida Department of Citrus, vous reconnaissez, comprenez et acceptez qu&rsquo;en \u00e9change et en contrepartie de cet acc\u00e8s et de cette utilisation, vous acceptiez les conditions g\u00e9n\u00e9rales d&rsquo;utilisation suivantes (\u00ab\u2009entente\u2009\u00bb) : Le Florida Department of Citrus n&rsquo;est pas responsable de l&rsquo;utilisation incorrecte ou inappropri\u00e9e des donn\u00e9es, informations, appareils, produits, processus, mat\u00e9riaux ou graphiques associ\u00e9s (les \u00ab\u2009\u00e9l\u00e9ments\u2009\u00bb) d\u00e9crits ou contenus dans ces pages web. Les \u00e9l\u00e9ments ne sont pas des documents juridiques et ne sont pas destin\u00e9s \u00e0 \u00eatre utilis\u00e9s comme tels.<\/p>\n\n\n\n<p>En tant qu&rsquo;utilisateur, vous reconnaissez et acceptez que les \u00e9l\u00e9ments puissent changer au fil du temps sans pr\u00e9avis. Toutefois, le Florida Department of Citrus ne s&rsquo;engage pas \u00e0 mettre \u00e0 jour les \u00e9l\u00e9ments contenus dans les pages web. Vous reconnaissez et acceptez \u00e9galement que les informations contenues dans les pages web aient \u00e9t\u00e9 d\u00e9velopp\u00e9es par le Florida Department of Citrus pour des raisons sp\u00e9cifiques, et que ces informations peuvent \u00eatre inexactes incorrectes si elles sont utilis\u00e9es \u00e0 d&rsquo;autres fins. Le Florida Department of Citrus n&rsquo;est pas responsable de l&rsquo;utilisation que vous faites de ces informations ou de la valeur que vous leur accordez.<\/p>\n\n\n\n<p>Toutes les informations, y compris, entre autres, tous les \u00e9l\u00e9ments contenus dans les pages web, sont fournies \u00ab\u2009telles quelles\u2009\u00bb sans garantie d&rsquo;aucune sorte, et le d\u00e9partement de Floride de Citrus d\u00e9cline express\u00e9ment toute garantie expresse ou implicite de qualit\u00e9 marchande et d&rsquo;ad\u00e9quation \u00e0 un usage particulier, ainsi que toute repr\u00e9sentation quant \u00e0 la non-violation des droits de propri\u00e9t\u00e9. Le Florida Department of Citrus ne garantit pas, ni ne fait de repr\u00e9sentations concernant l&rsquo;utilisation, ou les r\u00e9sultats de l&rsquo;utilisation, des informations ou de tout \u00e9l\u00e9ment qui vous est fourni par le Florida Department of Citrus en termes d&rsquo;exactitude, de pr\u00e9cision, de <\/p>\n\n\n\n<p>fiabilit\u00e9, d&rsquo;exhaustivit\u00e9, d&rsquo;utilit\u00e9, d&rsquo;opportunit\u00e9 ou autre. En tant que destinataire, vous assumez l&rsquo;int\u00e9gralit\u00e9 des risques li\u00e9s aux r\u00e9sultats et aux rendements de toute information ou de tout \u00e9l\u00e9ment obtenu aupr\u00e8s du Florida Department of Citrus. Toute personne qui utilise des informations ou des \u00e9l\u00e9ments disponibles aupr\u00e8s du Florida Department of Citrus renonce \u00e0 (abandonne) toute r\u00e9clamation pour tout dommage, co\u00fbt et d\u00e9pense d\u00e9coulant directement ou indirectement de l&rsquo;acc\u00e8s aux pages web du Florida Department of Citrus, de leur utilisation, ou \u00e0 la fois de l&rsquo;acc\u00e8s et de l&rsquo;utilisation de ces pages, et accepte qu&rsquo;il n&rsquo;existe aucun recours en cas de n\u00e9gligence, ou en vertu de toute th\u00e9orie de responsabilit\u00e9 stricte, ou de violation de garantie ou de contrat, y compris, entre autres, les dommages indirects, cons\u00e9cutifs, punitifs ou accessoires, m\u00eame si vous informez le Florida Department of Citrus de la possibilit\u00e9 de tels dommages.<\/p>\n\n\n\n<p>En utilisant le site web du Florida Department of Citrus, vous acceptez d&rsquo;assumer tous les risques li\u00e9s \u00e0 l&rsquo;acc\u00e8s \u00e0 ce site et \u00e0 son utilisation, y compris le risque que votre ordinateur, vos logiciels ou vos donn\u00e9es soient endommag\u00e9s par un virus, un programme ou un fichier qui pourrait \u00eatre transmis ou activ\u00e9 par une page web du Florida Department of Citrus ou par votre acc\u00e8s \u00e0 cette page. En r\u00e9sum\u00e9, vous acceptez que le Florida Department of Citrus ne soit pas responsable des dommages de toute nature r\u00e9sultant de l&rsquo;acc\u00e8s au site web du Florida Department of Citrus, de son utilisation, ou de l&rsquo;acc\u00e8s et de l&rsquo;utilisation de ce site ou de tout lien vers ce dernier. Vous pouvez cr\u00e9er un lien vers le site web du Florida Department of Citrus\u2009; toutefois, la cr\u00e9ation d&rsquo;un lien vers le site web du Florida Department of Citrus ne constitue pas ou n&rsquo;implique pas la commandite ou l&rsquo;approbation de votre site par le Florida Department of Citrus. Tout lien qui entra\u00eene l&rsquo;affichage du contenu de ce site web dans le contenu d&rsquo;un autre site, d&rsquo;une autre organisation ou d&rsquo;une autre personne est strictement interdit.<\/p>\n\n\n\n<p>Les \u00e9l\u00e9ments disponibles sur les pages web du Florida Department of Citrus peuvent contenir des r\u00e9f\u00e9rences, des liens hypertextes ou des pointeurs vers des informations cr\u00e9\u00e9es et mises \u00e0 jour par d&rsquo;autres organisations publiques et\/ou priv\u00e9es. Le Florida Department of Citrus fournit ces liens et pointeurs uniquement pour votre information et votre commodit\u00e9. Lorsque vous s\u00e9lectionnez un lien vers un site web externe, vous quittez le site floridajuice.com et \u00eates soumis aux politiques de confidentialit\u00e9 et de s\u00e9curit\u00e9 des propri\u00e9taires\/commanditaires du site web externe. Le Florida Department of Citrus n&rsquo;exerce aucun contr\u00f4le sur les documents hors site r\u00e9f\u00e9renc\u00e9s par des liens hypertextes ou des pointeurs accessibles via les pages web du Florida Department of Citrus et n&rsquo;est pas responsable de leur contenu. Le Florida Department of Citrus ne garantit pas, ni ne promet, de mani\u00e8re expresse ou implicite, que les \u00e9l\u00e9ments accessibles par les liens contenus dans les pages web du Florida Department of Citrus sont pertinents, pr\u00e9cis, complets, \u00e0 jour ou adapt\u00e9s \u00e0 un usage quelconque, et ne d\u00e9clare pas ou n&rsquo;implique pas que cet usage n&rsquo;enfreindra pas le droit priv\u00e9 d&rsquo;un tiers, ni que ces \u00e9l\u00e9ments ou leur contenu repr\u00e9sentent la position officielle du Florida Department of Citrus ou de l&rsquo;un de ses repr\u00e9sentants, employ\u00e9s ou agents. Le Florida Department of Citrus ne peut pas autoriser l&rsquo;utilisation de mat\u00e9riel prot\u00e9g\u00e9 par le droit d&rsquo;auteur contenu dans les sites web li\u00e9s. Les utilisateurs doivent demander une telle autorisation au commanditaire du site web li\u00e9.<\/p>\n\n\n\n<p>Le Florida Department of Citrus ne soutient pas les organisations qui commanditent les sites web li\u00e9s et ne cautionne pas les opinions qu&rsquo;elles expriment ni les produits et\/ou services qu&rsquo;elles offrent. Le Florida Department of Citrus n&rsquo;est pas responsable des transmissions que les utilisateurs re\u00e7oivent des sites web li\u00e9s.<\/p>\n\n\n\n<p><\/p>\n\n\n\n<p>Conform\u00e9ment au Ch. 372.0222, Florida Statutes, l&rsquo;inclusion sur floridajuice.com de publicit\u00e9s, logos ou liens de sites web, ou la r\u00e9f\u00e9rence \u00e0 tout produit, processus, service, nom commercial,<\/p>\n\n\n\n<p>marque ou fabrication, ne constitue pas une approbation par le Florida Department of Citrus de ces annonceurs, liens, entit\u00e9s, produits, services, noms ou marques.<\/p>\n\n\n\n<p>La pr\u00e9sente entente (Conditions d&rsquo;utilisation de ce site) a \u00e9t\u00e9 d\u00e9livr\u00e9e dans l&rsquo;\u00c9tat de Floride et doit \u00eatre interpr\u00e9t\u00e9e conform\u00e9ment aux lois de la Floride. Dans la mesure du possible, chaque disposition des pr\u00e9sentes sera interpr\u00e9t\u00e9e de mani\u00e8re \u00e0 \u00eatre efficace et valide en vertu de la loi applicable, mais si une disposition des pr\u00e9sentes est interdite ou invalide en vertu de la loi applicable, cette disposition sera inefficace dans la mesure de cette interdiction ou de cette invalidit\u00e9, sans invalider le reste de cette disposition ou les autres dispositions des pr\u00e9sentes. Toute action en rapport avec les pr\u00e9sentes, en droit ou en \u00e9quit\u00e9, doit \u00eatre intent\u00e9e dans le comt\u00e9 de Polk, en Floride, \u00e0 l&rsquo;exclusion de tout autre lieu l\u00e9gal. Les parties renoncent par les pr\u00e9sentes \u00e0 un proc\u00e8s devant jury dans le cadre de toute action ou proc\u00e9dure intent\u00e9e par une partie contre une autre partie et portant sur toute question d\u00e9coulant du pr\u00e9sent contrat ou li\u00e9e de quelque mani\u00e8re que ce soit \u00e0 celui-ci, ou au site web et aux informations qu&rsquo;il contient.<\/p>\n\n\n\n<p>Clause de non-responsabilit\u00e9 : En vertu de la loi de Floride, les adresses courriel constituent des documents publics. Si vous ne souhaitez pas que votre adresse courriel soit divulgu\u00e9e en r\u00e9ponse \u00e0 une demande d&rsquo;acc\u00e8s aux archives publiques, n&rsquo;envoyez pas de courriel \u00e0 cette entit\u00e9. Contactez plut\u00f4t ce bureau par t\u00e9l\u00e9phone ou par \u00e9crit.<\/p>\n\n\n\n<p>Clause de non-responsabilit\u00e9 : Le Florida Department of Citrus, en mettant \u00e0 la disposition des consommateurs int\u00e9ress\u00e9s des r\u00e9sum\u00e9s d&rsquo;\u00e9tudes r\u00e9cemment publi\u00e9es sur les produits \u00e0 base d&rsquo;agrumes ou sur les nutriments contenus dans les produits \u00e0 base d&rsquo;agrumes et\/ou des liens vers des r\u00e9sum\u00e9s des \u00e9tudes elles-m\u00eames, n&rsquo;a qu&rsquo;un but informatif. La publication de ces r\u00e9sum\u00e9s ne vise pas \u00e0 affirmer ou \u00e0 laisser entendre que les produits \u00e0 base d&rsquo;agrumes ou leurs nutriments sont efficaces pour le diagnostic, la gu\u00e9rison, l&rsquo;att\u00e9nuation, le traitement ou la pr\u00e9vention d&rsquo;une maladie ou d&rsquo;un \u00e9tat li\u00e9 \u00e0 la sant\u00e9.<\/p>\n\n\n\n<p>Clause de non-responsabilit\u00e9 : Les recettes uniques trouv\u00e9es sur le site web peuvent \u00eatre copi\u00e9es pour un usage personnel uniquement. Il est interdit de vendre ou de faire payer l&rsquo;acc\u00e8s \u00e0 toute recette copi\u00e9e \u00e0 partir de ce site web, que ce soit \u00e0 l&rsquo;unit\u00e9 ou en collection. Vous ne pouvez pas copier des sections enti\u00e8res de recettes de ce site web. Vous pouvez copier des recettes sur votre propre ordinateur pour un usage personnel, mais vous n&rsquo;\u00eates en aucun cas autoris\u00e9 \u00e0 publier les recettes trouv\u00e9es sur le site web du Florida Department of Citrus sur un autre site web ou \u00e0 redistribuer des quantit\u00e9s massives de ces recettes \u00e0 quelque titre que ce soit, y compris entre autres, la transmission par courriel, la publication de pages web, les fichiers zip, l&rsquo;impression, MasterCook ou d&rsquo;autres collections de logiciels, etc. Vous pouvez partager un nombre raisonnable de recettes \u00e0 condition que le cr\u00e9dit soit accord\u00e9 \u00e0 l&rsquo;auteur et au Florida Department of Citrus.<\/p>\n","protected":false},"excerpt":{"rendered":"<p>La Florida Citrus Commission a une longue tradition d&rsquo;acc\u00e8s public aux dossiers et aux rencontres du Florida Department of Citrus, encourageant la participation de l&rsquo;industrie et la compr\u00e9hension des d\u00e9cisions ayant un impact sur l&rsquo;industrie et le public. Le Florida Department of Citrus est une agence ex\u00e9cutive du gouvernement de la Floride. L&rsquo;un des premiers&#8230;<\/p>\n","protected":false},"author":47,"featured_media":0,"parent":0,"menu_order":0,"comment_status":"closed","ping_status":"closed","template":"","meta":{"_acf_changed":false,"om_disable_all_campaigns":false,"footnotes":""},"class_list":["post-4751","page","type-page","status-publish","hentry"],"acf":[],"_links":{"self":[{"href":"https:\/\/www.floridacitrus.quebec\/oj\/wp-json\/wp\/v2\/pages\/4751","targetHints":{"allow":["GET"]}}],"collection":[{"href":"https:\/\/www.floridacitrus.quebec\/oj\/wp-json\/wp\/v2\/pages"}],"about":[{"href":"https:\/\/www.floridacitrus.quebec\/oj\/wp-json\/wp\/v2\/types\/page"}],"author":[{"embeddable":true,"href":"https:\/\/www.floridacitrus.quebec\/oj\/wp-json\/wp\/v2\/users\/47"}],"replies":[{"embeddable":true,"href":"https:\/\/www.floridacitrus.quebec\/oj\/wp-json\/wp\/v2\/comments?post=4751"}],"version-history":[{"count":2,"href":"https:\/\/www.floridacitrus.quebec\/oj\/wp-json\/wp\/v2\/pages\/4751\/revisions"}],"predecessor-version":[{"id":4753,"href":"https:\/\/www.floridacitrus.quebec\/oj\/wp-json\/wp\/v2\/pages\/4751\/revisions\/4753"}],"wp:attachment":[{"href":"https:\/\/www.floridacitrus.quebec\/oj\/wp-json\/wp\/v2\/media?parent=4751"}],"curies":[{"name":"wp","href":"https:\/\/api.w.org\/{rel}","templated":true}]}}